{"id":386,"date":"2026-04-22T09:14:07","date_gmt":"2026-04-22T07:14:07","guid":{"rendered":"https:\/\/www.ulrikebreitenberger.de\/?page_id=386"},"modified":"2026-04-23T09:28:26","modified_gmt":"2026-04-23T07:28:26","slug":"kurse","status":"publish","type":"page","link":"https:\/\/www.ulrikebreitenberger.de\/?page_id=386","title":{"rendered":"Kurse"},"content":{"rendered":"\t\t<div data-elementor-type=\"wp-page\" data-elementor-id=\"386\" class=\"elementor elementor-386\">\n\t\t\t\t<div class=\"elementor-element elementor-element-6cfaa0c e-flex e-con-boxed e-con e-parent\" data-id=\"6cfaa0c\" data-element_type=\"container\" data-e-type=\"container\">\n\t\t\t\t\t<div class=\"e-con-inner\">\n\t\t\t\t<div class=\"elementor-element elementor-element-99521ca elementor-widget elementor-widget-heading\" data-id=\"99521ca\" data-element_type=\"widget\" data-e-type=\"widget\" data-widget_type=\"heading.default\">\n\t\t\t\t<div class=\"elementor-widget-container\">\n\t\t\t\t\t<h2 class=\"elementor-heading-title elementor-size-default\">Kurse<\/h2>\t\t\t\t<\/div>\n\t\t\t\t<\/div>\n\t\t\t\t\t<\/div>\n\t\t\t\t<\/div>\n\t\t<div class=\"elementor-element elementor-element-737a0af8 e-flex e-con-boxed e-con e-parent\" data-id=\"737a0af8\" data-element_type=\"container\" data-e-type=\"container\">\n\t\t\t\t\t<div class=\"e-con-inner\">\n\t\t\t\t<div class=\"elementor-element elementor-element-783e9cc9 elementor-widget elementor-widget-spacer\" data-id=\"783e9cc9\" data-element_type=\"widget\" data-e-type=\"widget\" data-widget_type=\"spacer.default\">\n\t\t\t\t<div class=\"elementor-widget-container\">\n\t\t\t\t\t\t\t<div class=\"elementor-spacer\">\n\t\t\t<div class=\"elementor-spacer-inner\"><\/div>\n\t\t<\/div>\n\t\t\t\t\t\t<\/div>\n\t\t\t\t<\/div>\n\t\t\t\t\t<\/div>\n\t\t\t\t<\/div>\n\t\t<div class=\"elementor-element elementor-element-7b767564 e-grid e-con-boxed e-con e-parent\" data-id=\"7b767564\" data-element_type=\"container\" data-e-type=\"container\">\n\t\t\t\t\t<div class=\"e-con-inner\">\n\t\t\t\t<div class=\"elementor-element elementor-element-55208a7e elementor-widget elementor-widget-text-editor\" data-id=\"55208a7e\" data-element_type=\"widget\" data-e-type=\"widget\" data-widget_type=\"text-editor.default\">\n\t\t\t\t<div class=\"elementor-widget-container\">\n\t\t\t\t\t\t\t\t\t<p>Hier steht noch ein erkl\u00e4render Text zu meinen Kurs-Angeboten. Der Text wird sp\u00e4ter ersetzt. Hier steht noch ein erkl\u00e4render Text zu meinen Kurs-Angeboten. Der Text wird sp\u00e4ter ersetzt. Hier steht noch ein erkl\u00e4render Text zu meinen Kurs-Angeboten. Der Text wird sp\u00e4ter ersetzt.\u00a0\u00a0<\/p>\t\t\t\t\t\t\t\t<\/div>\n\t\t\t\t<\/div>\n\t\t\t\t<div class=\"elementor-element elementor-element-359d3117 elementor-widget elementor-widget-text-editor\" data-id=\"359d3117\" data-element_type=\"widget\" data-e-type=\"widget\" data-widget_type=\"text-editor.default\">\n\t\t\t\t<div class=\"elementor-widget-container\">\n\t\t\t\t\t\t\t\t\t<p>Termine:\u00a0<\/p>\t\t\t\t\t\t\t\t<\/div>\n\t\t\t\t<\/div>\n\t\t\t\t\t<\/div>\n\t\t\t\t<\/div>\n\t\t<div class=\"elementor-element elementor-element-b858610 e-flex e-con-boxed e-con e-parent\" data-id=\"b858610\" data-element_type=\"container\" data-e-type=\"container\">\n\t\t\t\t\t<div class=\"e-con-inner\">\n\t\t\t\t<div class=\"elementor-element elementor-element-1403db0a elementor-widget elementor-widget-spacer\" data-id=\"1403db0a\" data-element_type=\"widget\" data-e-type=\"widget\" data-widget_type=\"spacer.default\">\n\t\t\t\t<div class=\"elementor-widget-container\">\n\t\t\t\t\t\t\t<div class=\"elementor-spacer\">\n\t\t\t<div class=\"elementor-spacer-inner\"><\/div>\n\t\t<\/div>\n\t\t\t\t\t\t<\/div>\n\t\t\t\t<\/div>\n\t\t\t\t\t<\/div>\n\t\t\t\t<\/div>\n\t\t<div class=\"elementor-element elementor-element-15a760 e-flex e-con-boxed e-con e-parent\" data-id=\"15a760\" data-element_type=\"container\" data-e-type=\"container\">\n\t\t\t\t\t<div class=\"e-con-inner\">\n\t\t\t\t<div class=\"elementor-element elementor-element-661cebfa elementor-align-center elementor-widget elementor-widget-button\" data-id=\"661cebfa\" data-element_type=\"widget\" data-e-type=\"widget\" data-widget_type=\"button.default\">\n\t\t\t\t<div class=\"elementor-widget-container\">\n\t\t\t\t\t\t\t\t\t<div class=\"elementor-button-wrapper\">\n\t\t\t\t\t<a class=\"elementor-button elementor-button-link elementor-size-sm\" href=\"#\">\n\t\t\t\t\t\t<span class=\"elementor-button-content-wrapper\">\n\t\t\t\t\t\t\t\t\t<span class=\"elementor-button-text\">Jetzt buchen<\/span>\n\t\t\t\t\t<\/span>\n\t\t\t\t\t<\/a>\n\t\t\t\t<\/div>\n\t\t\t\t\t\t\t\t<\/div>\n\t\t\t\t<\/div>\n\t\t\t\t\t<\/div>\n\t\t\t\t<\/div>\n\t\t<div class=\"elementor-element elementor-element-4c78a0ba e-flex e-con-boxed e-con e-parent\" data-id=\"4c78a0ba\" data-element_type=\"container\" data-e-type=\"container\">\n\t\t\t\t\t<div class=\"e-con-inner\">\n\t\t\t\t<div class=\"elementor-element elementor-element-1cacdfca elementor-widget elementor-widget-spacer\" data-id=\"1cacdfca\" data-element_type=\"widget\" data-e-type=\"widget\" data-widget_type=\"spacer.default\">\n\t\t\t\t<div class=\"elementor-widget-container\">\n\t\t\t\t\t\t\t<div class=\"elementor-spacer\">\n\t\t\t<div class=\"elementor-spacer-inner\"><\/div>\n\t\t<\/div>\n\t\t\t\t\t\t<\/div>\n\t\t\t\t<\/div>\n\t\t\t\t\t<\/div>\n\t\t\t\t<\/div>\n\t\t\t\t<\/div>\n\t\t","protected":false},"excerpt":{"rendered":"<p>Kurse Hier steht noch ein erkl\u00e4render Text zu meinen Kurs-Angeboten. Der Text wird sp\u00e4ter ersetzt. Hier steht noch ein erkl\u00e4render Text zu meinen Kurs-Angeboten. Der Text wird sp\u00e4ter ersetzt. Hier steht noch ein erkl\u00e4render Text zu meinen Kurs-Angeboten. Der Text wird sp\u00e4ter ersetzt.\u00a0\u00a0 Termine:\u00a0 Jetzt buchen<\/p>\n","protected":false},"author":2,"featured_media":0,"parent":0,"menu_order":0,"comment_status":"closed","ping_status":"closed","template":"","meta":{"ocean_post_layout":"","ocean_both_sidebars_style":"","ocean_both_sidebars_content_width":0,"ocean_both_sidebars_sidebars_width":0,"ocean_sidebar":"","ocean_second_sidebar":"","ocean_disable_margins":"enable","ocean_add_body_class":"","ocean_shortcode_before_top_bar":"","ocean_shortcode_after_top_bar":"","ocean_shortcode_before_header":"","ocean_shortcode_after_header":"","ocean_has_shortcode":"","ocean_shortcode_after_title":"","ocean_shortcode_before_footer_widgets":"","ocean_shortcode_after_footer_widgets":"","ocean_shortcode_before_footer_bottom":"","ocean_shortcode_after_footer_bottom":"","ocean_display_top_bar":"default","ocean_display_header":"default","ocean_header_style":"","ocean_center_header_left_menu":"","ocean_custom_header_template":"","ocean_custom_logo":0,"ocean_custom_retina_logo":0,"ocean_custom_logo_max_width":0,"ocean_custom_logo_tablet_max_width":0,"ocean_custom_logo_mobile_max_width":0,"ocean_custom_logo_max_height":0,"ocean_custom_logo_tablet_max_height":0,"ocean_custom_logo_mobile_max_height":0,"ocean_header_custom_menu":"","ocean_menu_typo_font_family":"","ocean_menu_typo_font_subset":"","ocean_menu_typo_font_size":0,"ocean_menu_typo_font_size_tablet":0,"ocean_menu_typo_font_size_mobile":0,"ocean_menu_typo_font_size_unit":"px","ocean_menu_typo_font_weight":"","ocean_menu_typo_font_weight_tablet":"","ocean_menu_typo_font_weight_mobile":"","ocean_menu_typo_transform":"","ocean_menu_typo_transform_tablet":"","ocean_menu_typo_transform_mobile":"","ocean_menu_typo_line_height":0,"ocean_menu_typo_line_height_tablet":0,"ocean_menu_typo_line_height_mobile":0,"ocean_menu_typo_line_height_unit":"","ocean_menu_typo_spacing":0,"ocean_menu_typo_spacing_tablet":0,"ocean_menu_typo_spacing_mobile":0,"ocean_menu_typo_spacing_unit":"","ocean_menu_link_color":"","ocean_menu_link_color_hover":"","ocean_menu_link_color_active":"","ocean_menu_link_background":"","ocean_menu_link_hover_background":"","ocean_menu_link_active_background":"","ocean_menu_social_links_bg":"","ocean_menu_social_hover_links_bg":"","ocean_menu_social_links_color":"","ocean_menu_social_hover_links_color":"","ocean_disable_title":"on","ocean_disable_heading":"default","ocean_post_title":"","ocean_post_subheading":"","ocean_post_title_style":"","ocean_post_title_background_color":"","ocean_post_title_background":0,"ocean_post_title_bg_image_position":"","ocean_post_title_bg_image_attachment":"","ocean_post_title_bg_image_repeat":"","ocean_post_title_bg_image_size":"","ocean_post_title_height":0,"ocean_post_title_bg_overlay":0.5,"ocean_post_title_bg_overlay_color":"","ocean_disable_breadcrumbs":"default","ocean_breadcrumbs_color":"","ocean_breadcrumbs_separator_color":"","ocean_breadcrumbs_links_color":"","ocean_breadcrumbs_links_hover_color":"","ocean_display_footer_widgets":"default","ocean_display_footer_bottom":"default","ocean_custom_footer_template":"","footnotes":""},"class_list":["post-386","page","type-page","status-publish","hentry","entry"],"yoast_head":"<!-- This site is optimized with the Yoast SEO Premium plugin v21.6 (Yoast SEO v27.4) - https:\/\/yoast.com\/product\/yoast-seo-premium-wordpress\/ -->\n<title>Kurse - Wildpflanzen Ulrike Breitenberger<\/title>\n<meta name=\"robots\" content=\"index, follow, max-snippet:-1, max-image-preview:large, max-video-preview:-1\" \/>\n<link rel=\"canonical\" href=\"https:\/\/www.ulrikebreitenberger.de\/?page_id=386\" \/>\n<meta property=\"og:locale\" content=\"de_DE\" \/>\n<meta property=\"og:type\" content=\"article\" \/>\n<meta property=\"og:title\" content=\"Kurse\" \/>\n<meta property=\"og:description\" content=\"Kurse Hier steht noch ein erkl\u00e4render Text zu meinen Kurs-Angeboten. Der Text wird sp\u00e4ter ersetzt. Hier steht noch ein erkl\u00e4render Text zu meinen Kurs-Angeboten. Der Text wird sp\u00e4ter ersetzt. Hier steht noch ein erkl\u00e4render Text zu meinen Kurs-Angeboten. Der Text wird sp\u00e4ter ersetzt.\u00a0\u00a0 Termine:\u00a0 Jetzt buchen\" \/>\n<meta property=\"og:url\" content=\"https:\/\/www.ulrikebreitenberger.de\/?page_id=386\" \/>\n<meta property=\"og:site_name\" content=\"Wildpflanzen Ulrike Breitenberger\" \/>\n<meta property=\"article:modified_time\" content=\"2026-04-23T07:28:26+00:00\" \/>\n<meta name=\"twitter:card\" content=\"summary_large_image\" \/>\n<meta name=\"twitter:label1\" content=\"Gesch\u00e4tzte Lesezeit\" \/>\n\t<meta name=\"twitter:data1\" content=\"1\u00a0Minute\" \/>\n<script type=\"application\/ld+json\" class=\"yoast-schema-graph\">{\"@context\":\"https:\\\/\\\/schema.org\",\"@graph\":[{\"@type\":\"WebPage\",\"@id\":\"https:\\\/\\\/www.ulrikebreitenberger.de\\\/?page_id=386\",\"url\":\"https:\\\/\\\/www.ulrikebreitenberger.de\\\/?page_id=386\",\"name\":\"Kurse - Wildpflanzen Ulrike Breitenberger\",\"isPartOf\":{\"@id\":\"https:\\\/\\\/www.ulrikebreitenberger.de\\\/#website\"},\"datePublished\":\"2026-04-22T07:14:07+00:00\",\"dateModified\":\"2026-04-23T07:28:26+00:00\",\"breadcrumb\":{\"@id\":\"https:\\\/\\\/www.ulrikebreitenberger.de\\\/?page_id=386#breadcrumb\"},\"inLanguage\":\"de\",\"potentialAction\":[{\"@type\":\"ReadAction\",\"target\":[\"https:\\\/\\\/www.ulrikebreitenberger.de\\\/?page_id=386\"]}]},{\"@type\":\"BreadcrumbList\",\"@id\":\"https:\\\/\\\/www.ulrikebreitenberger.de\\\/?page_id=386#breadcrumb\",\"itemListElement\":[{\"@type\":\"ListItem\",\"position\":1,\"name\":\"Home\",\"item\":\"https:\\\/\\\/www.ulrikebreitenberger.de\\\/\"},{\"@type\":\"ListItem\",\"position\":2,\"name\":\"Kurse\"}]},{\"@type\":\"WebSite\",\"@id\":\"https:\\\/\\\/www.ulrikebreitenberger.de\\\/#website\",\"url\":\"https:\\\/\\\/www.ulrikebreitenberger.de\\\/\",\"name\":\"Wildpflanzen Ulrike Breitenberger\",\"description\":\"\",\"publisher\":{\"@id\":\"https:\\\/\\\/www.ulrikebreitenberger.de\\\/#organization\"},\"potentialAction\":[{\"@type\":\"SearchAction\",\"target\":{\"@type\":\"EntryPoint\",\"urlTemplate\":\"https:\\\/\\\/www.ulrikebreitenberger.de\\\/?s={search_term_string}\"},\"query-input\":{\"@type\":\"PropertyValueSpecification\",\"valueRequired\":true,\"valueName\":\"search_term_string\"}}],\"inLanguage\":\"de\"},{\"@type\":[\"Organization\",\"Place\"],\"@id\":\"https:\\\/\\\/www.ulrikebreitenberger.de\\\/#organization\",\"name\":\"Heilpraxis Ulrike Breitenberger\",\"url\":\"https:\\\/\\\/www.ulrikebreitenberger.de\\\/\",\"logo\":{\"@id\":\"https:\\\/\\\/www.ulrikebreitenberger.de\\\/?page_id=386#local-main-organization-logo\"},\"image\":{\"@id\":\"https:\\\/\\\/www.ulrikebreitenberger.de\\\/?page_id=386#local-main-organization-logo\"},\"openingHoursSpecification\":[{\"@type\":\"OpeningHoursSpecification\",\"dayOfWeek\":[\"Monday\",\"Tuesday\",\"Wednesday\",\"Thursday\",\"Friday\",\"Saturday\",\"Sunday\"],\"opens\":\"09:00\",\"closes\":\"17:00\"}]},{\"@type\":\"ImageObject\",\"inLanguage\":\"de\",\"@id\":\"https:\\\/\\\/www.ulrikebreitenberger.de\\\/?page_id=386#local-main-organization-logo\",\"url\":\"https:\\\/\\\/www.ulrikebreitenberger.de\\\/wp-content\\\/uploads\\\/2026\\\/04\\\/cropped-Logo_Ulrike_schmal.png\",\"contentUrl\":\"https:\\\/\\\/www.ulrikebreitenberger.de\\\/wp-content\\\/uploads\\\/2026\\\/04\\\/cropped-Logo_Ulrike_schmal.png\",\"width\":918,\"height\":496,\"caption\":\"Heilpraxis Ulrike Breitenberger\"}]}<\/script>\n<!-- \/ Yoast SEO Premium plugin. -->","yoast_head_json":{"title":"Kurse - Wildpflanzen Ulrike Breitenberger","robots":{"index":"index","follow":"follow","max-snippet":"max-snippet:-1","max-image-preview":"max-image-preview:large","max-video-preview":"max-video-preview:-1"},"canonical":"https:\/\/www.ulrikebreitenberger.de\/?page_id=386","og_locale":"de_DE","og_type":"article","og_title":"Kurse","og_description":"Kurse Hier steht noch ein erkl\u00e4render Text zu meinen Kurs-Angeboten. Der Text wird sp\u00e4ter ersetzt. Hier steht noch ein erkl\u00e4render Text zu meinen Kurs-Angeboten. Der Text wird sp\u00e4ter ersetzt. Hier steht noch ein erkl\u00e4render Text zu meinen Kurs-Angeboten. Der Text wird sp\u00e4ter ersetzt.\u00a0\u00a0 Termine:\u00a0 Jetzt buchen","og_url":"https:\/\/www.ulrikebreitenberger.de\/?page_id=386","og_site_name":"Wildpflanzen Ulrike Breitenberger","article_modified_time":"2026-04-23T07:28:26+00:00","twitter_card":"summary_large_image","twitter_misc":{"Gesch\u00e4tzte Lesezeit":"1\u00a0Minute"},"schema":{"@context":"https:\/\/schema.org","@graph":[{"@type":"WebPage","@id":"https:\/\/www.ulrikebreitenberger.de\/?page_id=386","url":"https:\/\/www.ulrikebreitenberger.de\/?page_id=386","name":"Kurse - Wildpflanzen Ulrike Breitenberger","isPartOf":{"@id":"https:\/\/www.ulrikebreitenberger.de\/#website"},"datePublished":"2026-04-22T07:14:07+00:00","dateModified":"2026-04-23T07:28:26+00:00","breadcrumb":{"@id":"https:\/\/www.ulrikebreitenberger.de\/?page_id=386#breadcrumb"},"inLanguage":"de","potentialAction":[{"@type":"ReadAction","target":["https:\/\/www.ulrikebreitenberger.de\/?page_id=386"]}]},{"@type":"BreadcrumbList","@id":"https:\/\/www.ulrikebreitenberger.de\/?page_id=386#breadcrumb","itemListElement":[{"@type":"ListItem","position":1,"name":"Home","item":"https:\/\/www.ulrikebreitenberger.de\/"},{"@type":"ListItem","position":2,"name":"Kurse"}]},{"@type":"WebSite","@id":"https:\/\/www.ulrikebreitenberger.de\/#website","url":"https:\/\/www.ulrikebreitenberger.de\/","name":"Wildpflanzen Ulrike Breitenberger","description":"","publisher":{"@id":"https:\/\/www.ulrikebreitenberger.de\/#organization"},"potentialAction":[{"@type":"SearchAction","target":{"@type":"EntryPoint","urlTemplate":"https:\/\/www.ulrikebreitenberger.de\/?s={search_term_string}"},"query-input":{"@type":"PropertyValueSpecification","valueRequired":true,"valueName":"search_term_string"}}],"inLanguage":"de"},{"@type":["Organization","Place"],"@id":"https:\/\/www.ulrikebreitenberger.de\/#organization","name":"Heilpraxis Ulrike Breitenberger","url":"https:\/\/www.ulrikebreitenberger.de\/","logo":{"@id":"https:\/\/www.ulrikebreitenberger.de\/?page_id=386#local-main-organization-logo"},"image":{"@id":"https:\/\/www.ulrikebreitenberger.de\/?page_id=386#local-main-organization-logo"},"openingHoursSpecification":[{"@type":"OpeningHoursSpecification","dayOfWeek":["Monday","Tuesday","Wednesday","Thursday","Friday","Saturday","Sunday"],"opens":"09:00","closes":"17:00"}]},{"@type":"ImageObject","inLanguage":"de","@id":"https:\/\/www.ulrikebreitenberger.de\/?page_id=386#local-main-organization-logo","url":"https:\/\/www.ulrikebreitenberger.de\/wp-content\/uploads\/2026\/04\/cropped-Logo_Ulrike_schmal.png","contentUrl":"https:\/\/www.ulrikebreitenberger.de\/wp-content\/uploads\/2026\/04\/cropped-Logo_Ulrike_schmal.png","width":918,"height":496,"caption":"Heilpraxis Ulrike Breitenberger"}]}},"_links":{"self":[{"href":"https:\/\/www.ulrikebreitenberger.de\/index.php?rest_route=\/wp\/v2\/pages\/386","targetHints":{"allow":["GET"]}}],"collection":[{"href":"https:\/\/www.ulrikebreitenberger.de\/index.php?rest_route=\/wp\/v2\/pages"}],"about":[{"href":"https:\/\/www.ulrikebreitenberger.de\/index.php?rest_route=\/wp\/v2\/types\/page"}],"author":[{"embeddable":true,"href":"https:\/\/www.ulrikebreitenberger.de\/index.php?rest_route=\/wp\/v2\/users\/2"}],"replies":[{"embeddable":true,"href":"https:\/\/www.ulrikebreitenberger.de\/index.php?rest_route=%2Fwp%2Fv2%2Fcomments&post=386"}],"version-history":[{"count":13,"href":"https:\/\/www.ulrikebreitenberger.de\/index.php?rest_route=\/wp\/v2\/pages\/386\/revisions"}],"predecessor-version":[{"id":451,"href":"https:\/\/www.ulrikebreitenberger.de\/index.php?rest_route=\/wp\/v2\/pages\/386\/revisions\/451"}],"wp:attachment":[{"href":"https:\/\/www.ulrikebreitenberger.de\/index.php?rest_route=%2Fwp%2Fv2%2Fmedia&parent=386"}],"curies":[{"name":"wp","href":"https:\/\/api.w.org\/{rel}","templated":true}]}}